{"id":63,"date":"2025-11-02T19:18:45","date_gmt":"2025-11-02T19:18:45","guid":{"rendered":"https:\/\/haryapproje.com\/?page_id=63"},"modified":"2025-11-03T19:54:47","modified_gmt":"2025-11-03T19:54:47","slug":"devam-eden-projeler","status":"publish","type":"page","link":"https:\/\/haryapproje.com\/?page_id=63","title":{"rendered":"Devam Eden Projeler"},"content":{"rendered":"\t\t<div data-elementor-type=\"wp-page\" data-elementor-id=\"63\" class=\"elementor elementor-63\">\n\t\t\t\t<div class=\"elementor-element elementor-element-f8e58bb e-flex e-con-boxed e-con e-parent\" data-id=\"f8e58bb\" data-element_type=\"container\">\n\t\t\t\t\t<div class=\"e-con-inner\">\n\t\t\t\t<div class=\"elementor-element elementor-element-2d1afb5 elementor-widget elementor-widget-text-editor\" data-id=\"2d1afb5\" data-element_type=\"widget\" data-widget_type=\"text-editor.default\">\n\t\t\t\t\t\t\t\t\t<table><tbody><tr><th>SIRA NO<\/th><th>\u0130HALE KAYIT NO<\/th><th>\u0130\u015eVEREN-\u0130DARE<\/th><th>\u0130\u015e\u0130N ADI<\/th><\/tr><tr><td>1<\/td><td>2025\/174685<\/td><td>SAMSUN B\u00dcY\u00dcK\u015eEH\u0130R BELED\u0130YES\u0130 SU VE KANAL\u0130ZASYON \u0130DARES\u0130 GENEL M\u00dcD\u00dcRL\u00dc\u011e\u00dc<\/td><td>SAMSUN \u0130L\u0130 ATAKUM \u0130L\u00c7ES\u0130 ATIKSU KOLLEKT\u00d6R HATTI \u0130N\u015eAATI<\/td><\/tr><tr><td>2<\/td><td>2019\/252845<\/td><td>TCK &#8211; KARAYOLLARI 10. B\u00d6LGE M\u00dcD\u00dcRL\u00dc\u011e\u00dc<\/td><td>\u00c7AYKARA \u2013UZUNG\u00d6L )AYRIM KARA\u00c7AM (DOKAP) YOLU KM :37+000-46+950 ARASI TOPRAK \u0130\u015eLER\u0130, SANAT YAPILARI VE \u00dcSTYAPI \u0130\u015eLER\u0130 YAPILMASI (\u0130KMAL) \u0130\u015e\u0130<\/td><\/tr><\/tbody><\/table>\t\t\t\t\t\t\t\t<\/div>\n\t\t\t\t\t<\/div>\n\t\t\t\t<\/div>\n\t\t\t\t<\/div>\n\t\t","protected":false},"excerpt":{"rendered":"<p>SIRA NO \u0130HALE KAYIT NO \u0130\u015eVEREN-\u0130DARE \u0130\u015e\u0130N ADI 1 2025\/174685 SAMSUN B\u00dcY\u00dcK\u015eEH\u0130R BELED\u0130YES\u0130 SU VE KANAL\u0130ZASYON \u0130DARES\u0130 GENEL M\u00dcD\u00dcRL\u00dc\u011e\u00dc SAMSUN \u0130L\u0130 ATAKUM \u0130L\u00c7ES\u0130 ATIKSU KOLLEKT\u00d6R HATTI \u0130N\u015eAATI 2 2019\/252845 TCK &#8211; KARAYOLLARI 10. B\u00d6LGE M\u00dcD\u00dcRL\u00dc\u011e\u00dc \u00c7AYKARA \u2013UZUNG\u00d6L )AYRIM KARA\u00c7AM (DOKAP) YOLU KM :37+000-46+950 ARASI TOPRAK \u0130\u015eLER\u0130, SANAT YAPILARI VE \u00dcSTYAPI \u0130\u015eLER\u0130 YAPILMASI (\u0130KMAL) \u0130\u015e\u0130<\/p>\n","protected":false},"author":1,"featured_media":0,"parent":0,"menu_order":0,"comment_status":"closed","ping_status":"closed","template":"","meta":{"footnotes":""},"class_list":["post-63","page","type-page","status-publish","hentry"],"_links":{"self":[{"href":"https:\/\/haryapproje.com\/index.php?rest_route=\/wp\/v2\/pages\/63","targetHints":{"allow":["GET"]}}],"collection":[{"href":"https:\/\/haryapproje.com\/index.php?rest_route=\/wp\/v2\/pages"}],"about":[{"href":"https:\/\/haryapproje.com\/index.php?rest_route=\/wp\/v2\/types\/page"}],"author":[{"embeddable":true,"href":"https:\/\/haryapproje.com\/index.php?rest_route=\/wp\/v2\/users\/1"}],"replies":[{"embeddable":true,"href":"https:\/\/haryapproje.com\/index.php?rest_route=%2Fwp%2Fv2%2Fcomments&post=63"}],"version-history":[{"count":4,"href":"https:\/\/haryapproje.com\/index.php?rest_route=\/wp\/v2\/pages\/63\/revisions"}],"predecessor-version":[{"id":159,"href":"https:\/\/haryapproje.com\/index.php?rest_route=\/wp\/v2\/pages\/63\/revisions\/159"}],"wp:attachment":[{"href":"https:\/\/haryapproje.com\/index.php?rest_route=%2Fwp%2Fv2%2Fmedia&parent=63"}],"curies":[{"name":"wp","href":"https:\/\/api.w.org\/{rel}","templated":true}]}}