{"id":59,"date":"2025-11-02T19:18:14","date_gmt":"2025-11-02T19:18:14","guid":{"rendered":"https:\/\/haryapproje.com\/?page_id=59"},"modified":"2025-11-03T19:46:09","modified_gmt":"2025-11-03T19:46:09","slug":"atik-su-kollektor-hatti-kanalizasyon-ve-icme-suyu","status":"publish","type":"page","link":"https:\/\/haryapproje.com\/?page_id=59","title":{"rendered":"At\u0131k Su Kollekt\u00f6r Hatt\u0131, Kanalizasyon ve \u0130\u00e7me Suyu"},"content":{"rendered":"\t\t<div data-elementor-type=\"wp-page\" data-elementor-id=\"59\" class=\"elementor elementor-59\">\n\t\t\t\t<div class=\"elementor-element elementor-element-b859a62 e-flex e-con-boxed e-con e-parent\" data-id=\"b859a62\" data-element_type=\"container\">\n\t\t\t\t\t<div class=\"e-con-inner\">\n\t\t\t\t<div class=\"elementor-element elementor-element-dde3eaa elementor-widget elementor-widget-image\" data-id=\"dde3eaa\" data-element_type=\"widget\" data-widget_type=\"image.default\">\n\t\t\t\t\t\t\t\t\t\t\t\t\t\t\t<img fetchpriority=\"high\" decoding=\"async\" width=\"768\" height=\"1024\" src=\"https:\/\/haryapproje.com\/wp-content\/uploads\/2025\/11\/atik4-768x1024.jpg\" class=\"attachment-large size-large wp-image-149\" alt=\"\" srcset=\"https:\/\/haryapproje.com\/wp-content\/uploads\/2025\/11\/atik4-768x1024.jpg 768w, https:\/\/haryapproje.com\/wp-content\/uploads\/2025\/11\/atik4-225x300.jpg 225w, https:\/\/haryapproje.com\/wp-content\/uploads\/2025\/11\/atik4-1152x1536.jpg 1152w, https:\/\/haryapproje.com\/wp-content\/uploads\/2025\/11\/atik4.jpg 1530w\" sizes=\"100vw\" \/>\t\t\t\t\t\t\t\t\t\t\t\t\t\t\t<\/div>\n\t\t\t\t\t<\/div>\n\t\t\t\t<\/div>\n\t\t\t\t<\/div>\n\t\t","protected":false},"excerpt":{"rendered":"","protected":false},"author":1,"featured_media":0,"parent":0,"menu_order":0,"comment_status":"closed","ping_status":"closed","template":"","meta":{"footnotes":""},"class_list":["post-59","page","type-page","status-publish","hentry"],"_links":{"self":[{"href":"https:\/\/haryapproje.com\/index.php?rest_route=\/wp\/v2\/pages\/59","targetHints":{"allow":["GET"]}}],"collection":[{"href":"https:\/\/haryapproje.com\/index.php?rest_route=\/wp\/v2\/pages"}],"about":[{"href":"https:\/\/haryapproje.com\/index.php?rest_route=\/wp\/v2\/types\/page"}],"author":[{"embeddable":true,"href":"https:\/\/haryapproje.com\/index.php?rest_route=\/wp\/v2\/users\/1"}],"replies":[{"embeddable":true,"href":"https:\/\/haryapproje.com\/index.php?rest_route=%2Fwp%2Fv2%2Fcomments&post=59"}],"version-history":[{"count":4,"href":"https:\/\/haryapproje.com\/index.php?rest_route=\/wp\/v2\/pages\/59\/revisions"}],"predecessor-version":[{"id":153,"href":"https:\/\/haryapproje.com\/index.php?rest_route=\/wp\/v2\/pages\/59\/revisions\/153"}],"wp:attachment":[{"href":"https:\/\/haryapproje.com\/index.php?rest_route=%2Fwp%2Fv2%2Fmedia&parent=59"}],"curies":[{"name":"wp","href":"https:\/\/api.w.org\/{rel}","templated":true}]}}