{"id":53,"date":"2025-11-02T19:17:28","date_gmt":"2025-11-02T19:17:28","guid":{"rendered":"https:\/\/haryapproje.com\/?page_id=53"},"modified":"2025-11-03T19:09:52","modified_gmt":"2025-11-03T19:09:52","slug":"bina-projeleri","status":"publish","type":"page","link":"https:\/\/haryapproje.com\/?page_id=53","title":{"rendered":"Bina Projeleri"},"content":{"rendered":"\t\t<div data-elementor-type=\"wp-page\" data-elementor-id=\"53\" class=\"elementor elementor-53\">\n\t\t\t\t<div class=\"elementor-element elementor-element-9a4fd4a e-grid e-con-boxed e-con e-parent\" data-id=\"9a4fd4a\" data-element_type=\"container\">\n\t\t\t\t\t<div class=\"e-con-inner\">\n\t\t\t\t<div class=\"elementor-element elementor-element-329ea8d elementor-widget elementor-widget-image\" data-id=\"329ea8d\" data-element_type=\"widget\" data-widget_type=\"image.default\">\n\t\t\t\t\t\t\t\t\t\t\t\t\t\t\t<img fetchpriority=\"high\" decoding=\"async\" width=\"950\" height=\"633\" src=\"https:\/\/haryapproje.com\/wp-content\/uploads\/2025\/11\/bina1-1024x682.jpg\" class=\"attachment-large size-large wp-image-122\" alt=\"\" srcset=\"https:\/\/haryapproje.com\/wp-content\/uploads\/2025\/11\/bina1-1024x682.jpg 1024w, https:\/\/haryapproje.com\/wp-content\/uploads\/2025\/11\/bina1-300x200.jpg 300w, https:\/\/haryapproje.com\/wp-content\/uploads\/2025\/11\/bina1.jpg 1500w\" sizes=\"100vw\" \/>\t\t\t\t\t\t\t\t\t\t\t\t\t\t\t<\/div>\n\t\t\t\t<div class=\"elementor-element elementor-element-e44771e elementor-widget elementor-widget-text-editor\" data-id=\"e44771e\" data-element_type=\"widget\" data-widget_type=\"text-editor.default\">\n\t\t\t\t\t\t\t\t\t<p style=\"margin-bottom: 1rem; font-size: 18px; line-height: 30px; color: #555855; font-family: sans-serif;\">Firmam\u0131z, bina projeleri alan\u0131nda estetik, fonksiyonellik ve m\u00fchendislik kalitesini bir araya getirerek ya\u015fam ve \u00e7al\u0131\u015fma alanlar\u0131n\u0131 gelece\u011fe ta\u015f\u0131yan yap\u0131lar in\u015fa etmektedir.<\/p><p style=\"margin-bottom: 1rem; font-size: 18px; line-height: 30px; color: #555855; font-family: sans-serif;\">Konut, ofis, kamu binalar\u0131, e\u011fitim kurumlar\u0131, sa\u011fl\u0131k yap\u0131lar\u0131 ve end\u00fcstriyel tesisler gibi geni\u015f bir yelpazede projeler geli\u015ftiriyoruz.<\/p><p style=\"margin-bottom: 1rem; font-size: 18px; line-height: 30px; color: #555855; font-family: sans-serif;\">Tasar\u0131m a\u015famas\u0131ndan anahtar teslim uygulamaya kadar t\u00fcm s\u00fcre\u00e7lerde; kalite, g\u00fcvenlik ve kullan\u0131c\u0131 memnuniyetini \u00f6n planda tutuyoruz.<\/p><p style=\"margin-bottom: 1rem; font-size: 18px; line-height: 30px; color: #555855; font-family: sans-serif;\"><span style=\"font-weight: bolder;\">Hizmet Kapsam\u0131m\u0131z:<\/span><\/p><ul style=\"padding-left: 2rem; margin-bottom: 1rem; color: #555855; font-family: sans-serif; font-size: 18px;\"><li>Konut ve apartman projeleri<\/li><li>Ofis, plaza ve i\u015f merkezi in\u015faatlar\u0131<\/li><li>Kamu ve e\u011fitim yap\u0131lar\u0131<\/li><li>Sa\u011fl\u0131k binalar\u0131 ve sosyal donat\u0131lar<\/li><li>Fabrika, depo ve end\u00fcstriyel bina \u00e7\u00f6z\u00fcmleri<\/li><\/ul><p style=\"margin-bottom: 1rem; font-size: 18px; line-height: 30px; color: #555855; font-family: sans-serif;\">Her projemizde \u00e7a\u011fda\u015f mimari anlay\u0131\u015f\u0131yla sa\u011flam altyap\u0131y\u0131 birle\u015ftiriyor; ya\u015fam kalitesini art\u0131ran, uzun \u00f6m\u00fcrl\u00fc yap\u0131lar in\u015fa ediyoruz.<\/p><p><span style=\"color: #555855; font-family: sans-serif; font-size: 18px;\">Bina projelerinde g\u00fcvenilir ve tecr\u00fcbeli \u00e7\u00f6z\u00fcm orta\u011f\u0131n\u0131z olmaktan gurur duyuyoruz.<\/span>.<\/p>\t\t\t\t\t\t\t\t<\/div>\n\t\t\t\t\t<\/div>\n\t\t\t\t<\/div>\n\t\t\t\t<\/div>\n\t\t","protected":false},"excerpt":{"rendered":"<p>Firmam\u0131z, bina projeleri alan\u0131nda estetik, fonksiyonellik ve m\u00fchendislik kalitesini bir araya getirerek ya\u015fam ve \u00e7al\u0131\u015fma alanlar\u0131n\u0131 gelece\u011fe ta\u015f\u0131yan yap\u0131lar in\u015fa etmektedir. Konut, ofis, kamu binalar\u0131, e\u011fitim kurumlar\u0131, sa\u011fl\u0131k yap\u0131lar\u0131 ve end\u00fcstriyel tesisler gibi geni\u015f bir yelpazede projeler geli\u015ftiriyoruz. Tasar\u0131m a\u015famas\u0131ndan anahtar teslim uygulamaya kadar t\u00fcm s\u00fcre\u00e7lerde; kalite, g\u00fcvenlik ve kullan\u0131c\u0131 memnuniyetini \u00f6n planda tutuyoruz. Hizmet &hellip; <\/p>\n<p class=\"link-more\"><a href=\"https:\/\/haryapproje.com\/?page_id=53\" class=\"more-link\"><span class=\"screen-reader-text\"> &#8220;Bina Projeleri&#8221;<\/span>devam\u0131n\u0131 oku<\/a><\/p>\n","protected":false},"author":1,"featured_media":0,"parent":0,"menu_order":0,"comment_status":"closed","ping_status":"closed","template":"","meta":{"footnotes":""},"class_list":["post-53","page","type-page","status-publish","hentry"],"_links":{"self":[{"href":"https:\/\/haryapproje.com\/index.php?rest_route=\/wp\/v2\/pages\/53","targetHints":{"allow":["GET"]}}],"collection":[{"href":"https:\/\/haryapproje.com\/index.php?rest_route=\/wp\/v2\/pages"}],"about":[{"href":"https:\/\/haryapproje.com\/index.php?rest_route=\/wp\/v2\/types\/page"}],"author":[{"embeddable":true,"href":"https:\/\/haryapproje.com\/index.php?rest_route=\/wp\/v2\/users\/1"}],"replies":[{"embeddable":true,"href":"https:\/\/haryapproje.com\/index.php?rest_route=%2Fwp%2Fv2%2Fcomments&post=53"}],"version-history":[{"count":7,"href":"https:\/\/haryapproje.com\/index.php?rest_route=\/wp\/v2\/pages\/53\/revisions"}],"predecessor-version":[{"id":129,"href":"https:\/\/haryapproje.com\/index.php?rest_route=\/wp\/v2\/pages\/53\/revisions\/129"}],"wp:attachment":[{"href":"https:\/\/haryapproje.com\/index.php?rest_route=%2Fwp%2Fv2%2Fmedia&parent=53"}],"curies":[{"name":"wp","href":"https:\/\/api.w.org\/{rel}","templated":true}]}}