{"id":45,"date":"2025-11-02T19:16:13","date_gmt":"2025-11-02T19:16:13","guid":{"rendered":"https:\/\/haryapproje.com\/?page_id=45"},"modified":"2025-11-04T06:06:42","modified_gmt":"2025-11-04T06:06:42","slug":"cevre-politikasi","status":"publish","type":"page","link":"https:\/\/haryapproje.com\/?page_id=45","title":{"rendered":"\u00c7evre Politikas\u0131"},"content":{"rendered":"\t\t<div data-elementor-type=\"wp-page\" data-elementor-id=\"45\" class=\"elementor elementor-45\">\n\t\t\t\t<div class=\"elementor-element elementor-element-14d4125 e-flex e-con-boxed e-con e-parent\" data-id=\"14d4125\" data-element_type=\"container\">\n\t\t\t\t\t<div class=\"e-con-inner\">\n\t\t\t\t<div class=\"elementor-element elementor-element-a68052d elementor-widget elementor-widget-text-editor\" data-id=\"a68052d\" data-element_type=\"widget\" data-widget_type=\"text-editor.default\">\n\t\t\t\t\t\t\t\t\t<div class=\"container\" style=\"width: 1345px; padding-right: 12px; padding-left: 12px; margin-right: auto; margin-left: auto; max-width: 1345px; color: #555855; font-family: sans-serif; font-size: 18px;\">\n<div class=\"row\" style=\"--bs-gutter-x: 24.8px; --bs-gutter-y: 0; display: flex; flex-wrap: wrap; margin-top: 0px; margin-right: -12.4px; margin-left: -12.4px;\">\n<div class=\"col-md-12\" style=\"flex: 0 0 auto; width: 1345.78px; max-width: 100%; padding-right: 12.4px; padding-left: 12.4px; margin-top: 0px;\">\n<p style=\"margin-bottom: 1rem; line-height: 30px;\"><span style=\"font-weight: bolder;\">HARYAP \u0130N\u015eAAT \u00c7evre Politikas\u0131<\/span><\/p>\n<p style=\"margin-bottom: 1rem; line-height: 30px;\">HARYAP \u0130N\u015eAAT olarak; faaliyet g\u00f6sterdi\u011fimiz t\u00fcm alanlarda \u00e7evreye duyarl\u0131, s\u00fcrd\u00fcr\u00fclebilir ve do\u011faya sayg\u0131l\u0131 bir anlay\u0131\u015fla hareket etmeyi<\/p>\n<p style=\"margin-bottom: 1rem; line-height: 30px;\">&nbsp;temel sorumlulu\u011fumuz olarak kabul ediyoruz. \u00c7evresel etkilerimizi en aza indirerek, gelecek nesillere ya\u015fanabilir bir d\u00fcnya b\u0131rakmay\u0131&nbsp;<\/p>\n<p style=\"margin-bottom: 1rem; line-height: 30px;\">hedefliyoruz. \u0130n\u015faat sekt\u00f6r\u00fcn\u00fcn \u00e7evresel etkilerini \u00e7ok iyi biliyor; bu etkileri azaltmak i\u00e7in planlama, uygulama ve denetim s\u00fcre\u00e7lerimizin&nbsp;<\/p>\n<p style=\"margin-bottom: 1rem; line-height: 30px;\">tamam\u0131nda \u00e7evresel s\u00fcrd\u00fcr\u00fclebilirli\u011fi g\u00f6zetiyoruz. Projelerimizi sadece teknik ba\u015far\u0131ya de\u011fil, ayn\u0131 zamanda \u00e7evresel uyuma g\u00f6re&nbsp;<\/p>\n<p style=\"margin-bottom: 1rem; line-height: 30px;\">de\u011ferlendiriyoruz.<\/p>\n<p style=\"margin-bottom: 1rem; line-height: 30px;\"><span style=\"font-weight: bolder;\">Do\u011fal Kaynaklar\u0131n Verimli Kullan\u0131m\u0131:<\/span><\/p>\n<p style=\"margin-bottom: 1rem; line-height: 30px;\">Faaliyetlerimiz s\u0131ras\u0131nda enerji, su, toprak ve di\u011fer do\u011fal kaynaklar\u0131 bilin\u00e7li ve verimli bir \u015fekilde kullanmay\u0131 ilke ediniyoruz. \u0130sraf\u0131 \u00f6nlemek ve<\/p><p style=\"margin-bottom: 1rem; line-height: 30px;\">&nbsp;kaynaklar\u0131 korumak i\u00e7in teknolojik \u00e7\u00f6z\u00fcmlerden faydalan\u0131yoruz.<\/p>\n<p style=\"margin-bottom: 1rem; line-height: 30px;\"><span style=\"font-weight: bolder;\">At\u0131klar\u0131n Azalt\u0131lmas\u0131 ve Geri D\u00f6n\u00fc\u015f\u00fcm:<\/span><\/p>\n<p style=\"margin-bottom: 1rem; line-height: 30px;\">\u015eantiyelerimizde ve ofislerimizde olu\u015fan t\u00fcm at\u0131klar\u0131 t\u00fcrlerine g\u00f6re ayr\u0131\u015ft\u0131r\u0131yor, m\u00fcmk\u00fcn olanlar\u0131 geri d\u00f6n\u00fc\u015ft\u00fcr\u00fcyor ve bertaraf s\u00fcre\u00e7lerini yasal<\/p><p style=\"margin-bottom: 1rem; line-height: 30px;\">&nbsp;d\u00fczenlemelere uygun \u015fekilde y\u00f6netiyoruz.<\/p>\n<p style=\"margin-bottom: 1rem; line-height: 30px;\"><span style=\"font-weight: bolder;\">\u00c7evresel Yasalara Uyum:<\/span><\/p>\n<p style=\"margin-bottom: 1rem; line-height: 30px;\">T\u00fcm projelerimizde ulusal ve uluslararas\u0131 \u00e7evre mevzuatlar\u0131na, y\u00f6netmeliklerine ve standartlara tam uyum sa\u011fl\u0131yoruz. Yasal y\u00fck\u00fcml\u00fcl\u00fcklerin<\/p><p style=\"margin-bottom: 1rem; line-height: 30px;\">&nbsp;\u00f6tesinde, \u00e7evresel etkileri azaltacak g\u00f6n\u00fcll\u00fc uygulamalar\u0131 da destekliyoruz.<\/p>\n<p style=\"margin-bottom: 1rem; line-height: 30px;\"><span style=\"font-weight: bolder;\">S\u00fcrekli \u0130yile\u015ftirme ve E\u011fitim:<\/span><\/p>\n<p style=\"margin-bottom: 1rem; line-height: 30px;\">\u00c7evresel performans\u0131m\u0131z\u0131 s\u00fcrekli izliyor, \u00f6l\u00e7\u00fcyor ve geli\u015ftiriyoruz. \u00c7al\u0131\u015fanlar\u0131m\u0131z\u0131 ve i\u015f ortaklar\u0131m\u0131z\u0131 \u00e7evre konusunda bilin\u00e7lendirmek<\/p><p style=\"margin-bottom: 1rem; line-height: 30px;\">&nbsp;amac\u0131yla d\u00fczenli e\u011fitimler veriyor ve fark\u0131ndal\u0131k \u00e7al\u0131\u015fmalar\u0131na \u00f6nem veriyoruz.<\/p>\n<p style=\"margin-bottom: 1rem; line-height: 30px;\"><span style=\"font-weight: bolder;\">S\u00fcrd\u00fcr\u00fclebilir Projeler Geli\u015ftirme:<\/span><\/p>\n<p style=\"margin-bottom: 1rem; line-height: 30px;\">Projelerimizin tasar\u0131m\u0131ndan uygulamas\u0131na kadar her a\u015famas\u0131nda s\u00fcrd\u00fcr\u00fclebilirli\u011fi g\u00f6zetiyoruz. Enerji verimli, \u00e7evre dostu malzemeler&nbsp;<\/p><p style=\"margin-bottom: 1rem; line-height: 30px;\">kullan\u0131yor; ye\u015fil bina kriterlerine uygun uygulamalar geli\u015ftiriyoruz.<\/p>\n<p style=\"margin-bottom: 1rem; line-height: 30px;\"><span style=\"font-weight: bolder;\">Toplumsal Sorumluluk ve \u0130leti\u015fim:<\/span><\/p>\n<p style=\"margin-bottom: 1rem; line-height: 30px;\">\u00c7evre konusunda toplumla, payda\u015flar\u0131m\u0131zla ve resmi kurumlarla \u015feffaf bir ileti\u015fim kurmay\u0131 \u00f6nemsiyor, \u00e7evre bilincini art\u0131rmak ad\u0131na sosyal<\/p><p style=\"margin-bottom: 1rem; line-height: 30px;\">&nbsp;sorumluluk projelerine destek veriyoruz.<\/p>\n<p style=\"margin-bottom: 1rem; line-height: 30px;\"><span style=\"font-weight: bolder;\">HARYAP \u0130N\u015eAAT olarak, \u00e7evreyle dost projeler \u00fcretmeye, do\u011fay\u0131 korumaya ve \u00e7evresel de\u011ferleri kurumsal k\u00fclt\u00fcr\u00fcm\u00fcz\u00fcn bir<\/span><\/p><p style=\"margin-bottom: 1rem; line-height: 30px;\"><span style=\"font-weight: bolder;\">&nbsp;par\u00e7as\u0131 haline getirmeye kararl\u0131y\u0131z.<\/span><\/p>\n<div><span style=\"font-weight: bolder;\">&nbsp;<\/span><\/div>\n<\/div>\n<\/div>\n<\/div>\t\t\t\t\t\t\t\t<\/div>\n\t\t\t\t\t<\/div>\n\t\t\t\t<\/div>\n\t\t\t\t<\/div>\n\t\t","protected":false},"excerpt":{"rendered":"<p>HARYAP \u0130N\u015eAAT \u00c7evre Politikas\u0131 HARYAP \u0130N\u015eAAT olarak; faaliyet g\u00f6sterdi\u011fimiz t\u00fcm alanlarda \u00e7evreye duyarl\u0131, s\u00fcrd\u00fcr\u00fclebilir ve do\u011faya sayg\u0131l\u0131 bir anlay\u0131\u015fla hareket etmeyi &nbsp;temel sorumlulu\u011fumuz olarak kabul ediyoruz. \u00c7evresel etkilerimizi en aza indirerek, gelecek nesillere ya\u015fanabilir bir d\u00fcnya b\u0131rakmay\u0131&nbsp; hedefliyoruz. \u0130n\u015faat sekt\u00f6r\u00fcn\u00fcn \u00e7evresel etkilerini \u00e7ok iyi biliyor; bu etkileri azaltmak i\u00e7in planlama, uygulama ve denetim s\u00fcre\u00e7lerimizin&nbsp; tamam\u0131nda &hellip; <\/p>\n<p class=\"link-more\"><a href=\"https:\/\/haryapproje.com\/?page_id=45\" class=\"more-link\"><span class=\"screen-reader-text\"> &#8220;\u00c7evre Politikas\u0131&#8221;<\/span>devam\u0131n\u0131 oku<\/a><\/p>\n","protected":false},"author":1,"featured_media":0,"parent":0,"menu_order":0,"comment_status":"closed","ping_status":"closed","template":"","meta":{"footnotes":""},"class_list":["post-45","page","type-page","status-publish","hentry"],"_links":{"self":[{"href":"https:\/\/haryapproje.com\/index.php?rest_route=\/wp\/v2\/pages\/45","targetHints":{"allow":["GET"]}}],"collection":[{"href":"https:\/\/haryapproje.com\/index.php?rest_route=\/wp\/v2\/pages"}],"about":[{"href":"https:\/\/haryapproje.com\/index.php?rest_route=\/wp\/v2\/types\/page"}],"author":[{"embeddable":true,"href":"https:\/\/haryapproje.com\/index.php?rest_route=\/wp\/v2\/users\/1"}],"replies":[{"embeddable":true,"href":"https:\/\/haryapproje.com\/index.php?rest_route=%2Fwp%2Fv2%2Fcomments&post=45"}],"version-history":[{"count":10,"href":"https:\/\/haryapproje.com\/index.php?rest_route=\/wp\/v2\/pages\/45\/revisions"}],"predecessor-version":[{"id":172,"href":"https:\/\/haryapproje.com\/index.php?rest_route=\/wp\/v2\/pages\/45\/revisions\/172"}],"wp:attachment":[{"href":"https:\/\/haryapproje.com\/index.php?rest_route=%2Fwp%2Fv2%2Fmedia&parent=45"}],"curies":[{"name":"wp","href":"https:\/\/api.w.org\/{rel}","templated":true}]}}