{"id":43,"date":"2025-11-02T19:15:51","date_gmt":"2025-11-02T19:15:51","guid":{"rendered":"https:\/\/haryapproje.com\/?page_id=43"},"modified":"2025-11-03T19:56:44","modified_gmt":"2025-11-03T19:56:44","slug":"kalite-politikasi","status":"publish","type":"page","link":"https:\/\/haryapproje.com\/?page_id=43","title":{"rendered":"Kalite Politikas\u0131"},"content":{"rendered":"\t\t<div data-elementor-type=\"wp-page\" data-elementor-id=\"43\" class=\"elementor elementor-43\">\n\t\t\t\t<div class=\"elementor-element elementor-element-d75e5ca e-flex e-con-boxed e-con e-parent\" data-id=\"d75e5ca\" data-element_type=\"container\">\n\t\t\t\t\t<div class=\"e-con-inner\">\n\t\t\t\t<div class=\"elementor-element elementor-element-5454198 elementor-widget elementor-widget-text-editor\" data-id=\"5454198\" data-element_type=\"widget\" data-widget_type=\"text-editor.default\">\n\t\t\t\t\t\t\t\t\t<p style=\"margin-bottom: 1rem; font-size: 18px; line-height: 30px; color: rgb(85, 88, 85); font-family: sans-serif;\"><span style=\"font-weight: bolder;\">HARYAP \u0130N\u015eAAT Kalite Politikas\u0131<\/span><\/p><p style=\"margin-bottom: 1rem; font-size: 18px; line-height: 30px; color: rgb(85, 88, 85); font-family: sans-serif;\">HARYAP \u0130N\u015eAAT olarak kaliteyi; sadece bir sonu\u00e7 de\u011fil, i\u015f yap\u0131\u015f \u015feklimizin ayr\u0131lmaz bir par\u00e7as\u0131 ve kurumsal k\u00fclt\u00fcr\u00fcm\u00fcz\u00fcn temel ta\u015f\u0131 olarak g\u00f6rmekteyiz. T\u00fcm faaliyet alanlar\u0131m\u0131zda kaliteyi en \u00fcst d\u00fczeyde sa\u011flayarak, sekt\u00f6rde g\u00fcvenilirli\u011fimizle \u00f6ne \u00e7\u0131kan, m\u00fc\u015fteri memnuniyetini daima \u00f6n planda tutan ve s\u00fcrekli geli\u015fimi esas alan bir anlay\u0131\u015fla hareket ediyoruz.<\/p><p style=\"margin-bottom: 1rem; font-size: 18px; line-height: 30px; color: rgb(85, 88, 85); font-family: sans-serif;\">\u0130n\u015faat taahh\u00fct projeleri, altyap\u0131 ve \u00fcstyap\u0131 uygulamalar\u0131, \u00e7evre d\u00fczenleme, peyzaj, hafriyat ve nakliye hizmetleri gibi geni\u015f yelpazede sundu\u011fumuz her hizmette; kalite, \u00e7evre, i\u015f g\u00fcvenli\u011fi ve etik de\u011ferleri g\u00f6zeterek kal\u0131c\u0131 ve s\u00fcrd\u00fcr\u00fclebilir \u00e7\u00f6z\u00fcmler \u00fcretmeyi hedefliyoruz.<\/p><p style=\"margin-bottom: 1rem; font-size: 18px; line-height: 30px; color: rgb(85, 88, 85); font-family: sans-serif;\">Kurumsal sorumlulu\u011fumuzun bilincinde olarak, t\u00fcm s\u00fcre\u00e7lerimizi ulusal ve uluslararas\u0131 standartlara uygun \u015fekilde y\u00f6netiyor; \u00e7a\u011f\u0131n gerekliliklerine ayak uydurarak teknolojiyi, i\u015f g\u00fcvenli\u011fini ve \u00e7evresel duyarl\u0131l\u0131\u011f\u0131 \u00f6n planda tutuyoruz.<\/p><p style=\"margin-bottom: 1rem; font-size: 18px; line-height: 30px; color: rgb(85, 88, 85); font-family: sans-serif;\"><span style=\"font-weight: bolder;\">M\u00fc\u015fteri Memnuniyeti<\/span><\/p><p style=\"margin-bottom: 1rem; font-size: 18px; line-height: 30px; color: rgb(85, 88, 85); font-family: sans-serif;\">Projelerimizin her a\u015famas\u0131nda m\u00fc\u015fterilerimizin beklenti ve ihtiya\u00e7lar\u0131n\u0131 do\u011fru analiz eder, bu beklentilerin de \u00f6tesine ge\u00e7meyi hedefleriz.<\/p><p style=\"margin-bottom: 1rem; font-size: 18px; line-height: 30px; color: rgb(85, 88, 85); font-family: sans-serif;\">Projeleri zaman\u0131nda ve eksiksiz teslim ederken, en kaliteli malzemeleri ve en iyi i\u015f\u00e7ilik standartlar\u0131n\u0131 kullanarak maksimum memnuniyet sa\u011flamay\u0131 ilke ediniriz.<\/p><p style=\"margin-bottom: 1rem; font-size: 18px; line-height: 30px; color: rgb(85, 88, 85); font-family: sans-serif;\"><span style=\"font-weight: bolder;\">S\u00fcrekli \u0130yile\u015ftirme<\/span><\/p><p style=\"margin-bottom: 1rem; font-size: 18px; line-height: 30px; color: rgb(85, 88, 85); font-family: sans-serif;\">Kalite anlay\u0131\u015f\u0131m\u0131z, dura\u011fan de\u011fil s\u00fcrekli geli\u015fim odakl\u0131d\u0131r. Faaliyet g\u00f6sterdi\u011fimiz t\u00fcm alanlarda s\u00fcre\u00e7lerimizi d\u00fczenli olarak analiz eder,<\/p><p style=\"margin-bottom: 1rem; font-size: 18px; line-height: 30px; color: rgb(85, 88, 85); font-family: sans-serif;\">performans\u0131m\u0131z\u0131 art\u0131racak yeni y\u00f6ntem ve teknolojilere yat\u0131r\u0131m yapar\u0131z. Yenilik\u00e7i d\u00fc\u015f\u00fcnceyle, daha verimli ve s\u00fcrd\u00fcr\u00fclebilir \u00e7\u00f6z\u00fcmler sunar\u0131z.<\/p><p style=\"margin-bottom: 1rem; font-size: 18px; line-height: 30px; color: rgb(85, 88, 85); font-family: sans-serif;\"><span style=\"font-weight: bolder;\">\u00c7evreye Duyarl\u0131l\u0131k<\/span><\/p><p style=\"margin-bottom: 1rem; font-size: 18px; line-height: 30px; color: rgb(85, 88, 85); font-family: sans-serif;\">Do\u011faya sayg\u0131l\u0131 ve \u00e7evresel etkileri minimize eden bir i\u015f anlay\u0131\u015f\u0131yla \u00e7al\u0131\u015f\u0131r\u0131z. Faaliyetlerimiz s\u0131ras\u0131nda do\u011fal kaynaklar\u0131 verimli kullan\u0131r,<\/p><p style=\"margin-bottom: 1rem; font-size: 18px; line-height: 30px; color: rgb(85, 88, 85); font-family: sans-serif;\">at\u0131klar\u0131 azalt\u0131r ve \u00e7evre dostu uygulamalar\u0131 \u00f6nceliklendiririz. S\u00fcrd\u00fcr\u00fclebilir projeler geli\u015ftirerek gelecek nesillere ya\u015fanabilir bir \u00e7evre b\u0131rakmay\u0131 taahh\u00fct ederiz.<\/p><p style=\"margin-bottom: 1rem; font-size: 18px; line-height: 30px; color: rgb(85, 88, 85); font-family: sans-serif;\"><span style=\"font-weight: bolder;\">\u0130\u015f Sa\u011fl\u0131\u011f\u0131 ve G\u00fcvenli\u011fi<\/span><\/p><p style=\"margin-bottom: 1rem; font-size: 18px; line-height: 30px; color: rgb(85, 88, 85); font-family: sans-serif;\">\u0130nsan odakl\u0131 yakla\u015f\u0131m\u0131m\u0131zla, \u00e7al\u0131\u015fanlar\u0131m\u0131z\u0131n g\u00fcvenli\u011fini her \u015feyin \u00f6n\u00fcnde tutar\u0131z. \u0130\u015f sa\u011fl\u0131\u011f\u0131 ve g\u00fcvenli\u011fi konusundaki t\u00fcm yasal d\u00fczenlemelere tam uyum sa\u011flar, riskleri \u00f6nceden tespit ederek g\u00fcvenli \u00e7al\u0131\u015fma ortamlar\u0131 olu\u015ftururuz. Kaliteyi g\u00fcvenli s\u00fcre\u00e7lerle birlikte y\u00fcr\u00fctmeyi esas al\u0131r\u0131z.<\/p><p style=\"margin-bottom: 1rem; font-size: 18px; line-height: 30px; color: rgb(85, 88, 85); font-family: sans-serif;\"><span style=\"font-weight: bolder;\">E\u011fitim ve Geli\u015fim<\/span><\/p><p style=\"margin-bottom: 1rem; font-size: 18px; line-height: 30px; color: rgb(85, 88, 85); font-family: sans-serif;\">Kaliteli bir hizmetin, nitelikli insan kayna\u011f\u0131 ile m\u00fcmk\u00fcn olaca\u011f\u0131na inan\u0131r\u0131z. Bu nedenle \u00e7al\u0131\u015fanlar\u0131m\u0131z\u0131n mesleki ve ki\u015fisel geli\u015fimlerine d\u00fczenli e\u011fitimlerle katk\u0131da bulunur, kalite bilincinin t\u00fcm organizasyonumuza yay\u0131lmas\u0131n\u0131 sa\u011flar\u0131z.<\/p>\t\t\t\t\t\t\t\t<\/div>\n\t\t\t\t\t<\/div>\n\t\t\t\t<\/div>\n\t\t\t\t<\/div>\n\t\t","protected":false},"excerpt":{"rendered":"<p>HARYAP \u0130N\u015eAAT Kalite Politikas\u0131 HARYAP \u0130N\u015eAAT olarak kaliteyi; sadece bir sonu\u00e7 de\u011fil, i\u015f yap\u0131\u015f \u015feklimizin ayr\u0131lmaz bir par\u00e7as\u0131 ve kurumsal k\u00fclt\u00fcr\u00fcm\u00fcz\u00fcn temel ta\u015f\u0131 olarak g\u00f6rmekteyiz. T\u00fcm faaliyet alanlar\u0131m\u0131zda kaliteyi en \u00fcst d\u00fczeyde sa\u011flayarak, sekt\u00f6rde g\u00fcvenilirli\u011fimizle \u00f6ne \u00e7\u0131kan, m\u00fc\u015fteri memnuniyetini daima \u00f6n planda tutan ve s\u00fcrekli geli\u015fimi esas alan bir anlay\u0131\u015fla hareket ediyoruz. \u0130n\u015faat taahh\u00fct projeleri, &hellip; <\/p>\n<p class=\"link-more\"><a href=\"https:\/\/haryapproje.com\/?page_id=43\" class=\"more-link\"><span class=\"screen-reader-text\"> &#8220;Kalite Politikas\u0131&#8221;<\/span>devam\u0131n\u0131 oku<\/a><\/p>\n","protected":false},"author":1,"featured_media":0,"parent":0,"menu_order":0,"comment_status":"closed","ping_status":"closed","template":"","meta":{"footnotes":""},"class_list":["post-43","page","type-page","status-publish","hentry"],"_links":{"self":[{"href":"https:\/\/haryapproje.com\/index.php?rest_route=\/wp\/v2\/pages\/43","targetHints":{"allow":["GET"]}}],"collection":[{"href":"https:\/\/haryapproje.com\/index.php?rest_route=\/wp\/v2\/pages"}],"about":[{"href":"https:\/\/haryapproje.com\/index.php?rest_route=\/wp\/v2\/types\/page"}],"author":[{"embeddable":true,"href":"https:\/\/haryapproje.com\/index.php?rest_route=\/wp\/v2\/users\/1"}],"replies":[{"embeddable":true,"href":"https:\/\/haryapproje.com\/index.php?rest_route=%2Fwp%2Fv2%2Fcomments&post=43"}],"version-history":[{"count":4,"href":"https:\/\/haryapproje.com\/index.php?rest_route=\/wp\/v2\/pages\/43\/revisions"}],"predecessor-version":[{"id":162,"href":"https:\/\/haryapproje.com\/index.php?rest_route=\/wp\/v2\/pages\/43\/revisions\/162"}],"wp:attachment":[{"href":"https:\/\/haryapproje.com\/index.php?rest_route=%2Fwp%2Fv2%2Fmedia&parent=43"}],"curies":[{"name":"wp","href":"https:\/\/api.w.org\/{rel}","templated":true}]}}