{"id":10,"date":"2025-11-02T18:19:34","date_gmt":"2025-11-02T18:19:34","guid":{"rendered":"https:\/\/haryapproje.com\/?page_id=10"},"modified":"2025-11-02T20:02:59","modified_gmt":"2025-11-02T20:02:59","slug":"about","status":"publish","type":"page","link":"https:\/\/haryapproje.com\/?page_id=10","title":{"rendered":"Hakk\u0131m\u0131zda"},"content":{"rendered":"\t\t<div data-elementor-type=\"wp-page\" data-elementor-id=\"10\" class=\"elementor elementor-10\">\n\t\t\t\t<div class=\"elementor-element elementor-element-0a39b6f e-grid e-con-boxed e-con e-parent\" data-id=\"0a39b6f\" data-element_type=\"container\">\n\t\t\t\t\t<div class=\"e-con-inner\">\n\t\t\t\t<div class=\"elementor-element elementor-element-68f160e elementor-widget elementor-widget-image\" data-id=\"68f160e\" data-element_type=\"widget\" data-widget_type=\"image.default\">\n\t\t\t\t\t\t\t\t\t\t\t\t\t\t\t<img fetchpriority=\"high\" decoding=\"async\" width=\"672\" height=\"834\" src=\"https:\/\/haryapproje.com\/wp-content\/uploads\/2025\/11\/resim.jpg\" class=\"attachment-large size-large wp-image-83\" alt=\"\" srcset=\"https:\/\/haryapproje.com\/wp-content\/uploads\/2025\/11\/resim.jpg 672w, https:\/\/haryapproje.com\/wp-content\/uploads\/2025\/11\/resim-242x300.jpg 242w\" sizes=\"100vw\" \/>\t\t\t\t\t\t\t\t\t\t\t\t\t\t\t<\/div>\n\t\t\t\t<div class=\"elementor-element elementor-element-e662554 elementor-widget elementor-widget-text-editor\" data-id=\"e662554\" data-element_type=\"widget\" data-widget_type=\"text-editor.default\">\n\t\t\t\t\t\t\t\t\t<h2 class=\"title_split_anim mb-20\">Deneyim, Yenilik ve S\u00fcreklilik\u00a0ile\u00a0<b>her ge\u00e7en g\u00fcn b\u00fcy\u00fcyoruz<\/b><\/h2>\n<h4>Firmam\u0131z, Re\u015fit \u00c7EB\u0130 taraf\u0131ndan 2007 y\u0131l\u0131nda kurulmu\u015f olup, bu tarihten itibaren HARYAP \u0130N\u015eAAT ad\u0131 alt\u0131nda \u0130n\u015faat ve Gayrimenkul sekt\u00f6r\u00fcnde faaliyet g\u00f6stermektedir. Kurulu\u015fumuzdan bu yana kalite, g\u00fcven ve m\u00fc\u015fteri memnuniyetini ilke edinerek, konut, ticari yap\u0131lar, gayrimenkul yat\u0131r\u0131m projeleri ve altyap\u0131 projelerinde ba\u015far\u0131l\u0131 i\u015flere imza att\u0131k.<\/h4>\t\t\t\t\t\t\t\t<\/div>\n\t\t\t\t<div class=\"elementor-element elementor-element-2fdac97 elementor-widget elementor-widget-image\" data-id=\"2fdac97\" data-element_type=\"widget\" data-widget_type=\"image.default\">\n\t\t\t\t\t\t\t\t\t\t\t\t\t\t\t<img decoding=\"async\" width=\"375\" height=\"391\" src=\"https:\/\/haryapproje.com\/wp-content\/uploads\/2025\/11\/resim2.jpg\" class=\"attachment-large size-large wp-image-84\" alt=\"\" srcset=\"https:\/\/haryapproje.com\/wp-content\/uploads\/2025\/11\/resim2.jpg 375w, https:\/\/haryapproje.com\/wp-content\/uploads\/2025\/11\/resim2-288x300.jpg 288w\" sizes=\"100vw\" \/>\t\t\t\t\t\t\t\t\t\t\t\t\t\t\t<\/div>\n\t\t\t\t\t<\/div>\n\t\t\t\t<\/div>\n\t\t<div class=\"elementor-element elementor-element-1486c63 e-grid e-con-boxed e-con e-parent\" data-id=\"1486c63\" data-element_type=\"container\">\n\t\t\t\t\t<div class=\"e-con-inner\">\n\t\t\t\t<div class=\"elementor-element elementor-element-e2d9af2 elementor-widget elementor-widget-heading\" data-id=\"e2d9af2\" data-element_type=\"widget\" data-widget_type=\"heading.default\">\n\t\t\t\t\t<h4 class=\"elementor-heading-title elementor-size-default\">Vizyon HARYAP \u0130n\u015faat, gelece\u011fe y\u00f6n veren bir vizyonla in\u015faat sekt\u00f6r\u00fcn\u00fcn \u00f6nc\u00fcs\u00fc olmay\u0131 hedeflemektedir. Amac\u0131m\u0131z, sadece binalar in\u015fa etmek de\u011fil, ayn\u0131 zamanda s\u00fcrd\u00fcr\u00fclebilirlik, inovasyon ve toplumsal de\u011ferler \u00e7er\u00e7evesinde projeler hayata ge\u00e7irmektir. En y\u00fcksek kalite standartlar\u0131na sahip, \u00e7evreye duyarl\u0131 ve topluma de\u011fer katan in\u015faat projeleri ile gelece\u011fin ya\u015fanabilir d\u00fcnyas\u0131n\u0131 in\u015fa etmek i\u00e7in \u00e7al\u0131\u015f\u0131yoruz.<\/h4>\t\t\t\t<\/div>\n\t\t\t\t<div class=\"elementor-element elementor-element-5d1429b elementor-widget elementor-widget-heading\" data-id=\"5d1429b\" data-element_type=\"widget\" data-widget_type=\"heading.default\">\n\t\t\t\t\t<h4 class=\"elementor-heading-title elementor-size-default\">HARYAP \u0130n\u015faat'\u0131n misyonu, yarat\u0131c\u0131 \u00e7\u00f6z\u00fcmlerle, g\u00fc\u00e7l\u00fc bir ekip \u00e7al\u0131\u015fmas\u0131yla ve yenilik\u00e7i yakla\u015f\u0131mlarla in\u015faat sekt\u00f6r\u00fcnde liderli\u011fi s\u00fcrd\u00fcrmektir. Amac\u0131m\u0131z, her projemizde m\u00fckemmelli\u011fi yakalayarak, payda\u015flar\u0131m\u0131za, m\u00fc\u015fterilerimize ve topluma de\u011fer katmakt\u0131r. S\u00fcrd\u00fcr\u00fclebilirlik ilkeleriyle uyumlu, g\u00fcvenilir, estetik ve fonksiyonel projeler \u00fcreterek in\u015faat alan\u0131nda d\u00f6n\u00fc\u015ft\u00fcr\u00fcc\u00fc bir rol oynamay\u0131 ve gelece\u011fe olumlu bir miras b\u0131rakmay\u0131 taahh\u00fct ediyoruz.<\/h4>\t\t\t\t<\/div>\n\t\t\t\t\t<\/div>\n\t\t\t\t<\/div>\n\t\t\t\t<\/div>\n\t\t","protected":false},"excerpt":{"rendered":"<p>Deneyim, Yenilik ve S\u00fcreklilik\u00a0ile\u00a0her ge\u00e7en g\u00fcn b\u00fcy\u00fcyoruz Firmam\u0131z, Re\u015fit \u00c7EB\u0130 taraf\u0131ndan 2007 y\u0131l\u0131nda kurulmu\u015f olup, bu tarihten itibaren HARYAP \u0130N\u015eAAT ad\u0131 alt\u0131nda \u0130n\u015faat ve Gayrimenkul sekt\u00f6r\u00fcnde faaliyet g\u00f6stermektedir. Kurulu\u015fumuzdan bu yana kalite, g\u00fcven ve m\u00fc\u015fteri memnuniyetini ilke edinerek, konut, ticari yap\u0131lar, gayrimenkul yat\u0131r\u0131m projeleri ve altyap\u0131 projelerinde ba\u015far\u0131l\u0131 i\u015flere imza att\u0131k. Vizyon HARYAP \u0130n\u015faat, gelece\u011fe &hellip; <\/p>\n<p class=\"link-more\"><a href=\"https:\/\/haryapproje.com\/?page_id=10\" class=\"more-link\"><span class=\"screen-reader-text\"> &#8220;Hakk\u0131m\u0131zda&#8221;<\/span>devam\u0131n\u0131 oku<\/a><\/p>\n","protected":false},"author":1,"featured_media":7,"parent":35,"menu_order":0,"comment_status":"closed","ping_status":"closed","template":"","meta":{"footnotes":""},"class_list":["post-10","page","type-page","status-publish","has-post-thumbnail","hentry"],"_links":{"self":[{"href":"https:\/\/haryapproje.com\/index.php?rest_route=\/wp\/v2\/pages\/10","targetHints":{"allow":["GET"]}}],"collection":[{"href":"https:\/\/haryapproje.com\/index.php?rest_route=\/wp\/v2\/pages"}],"about":[{"href":"https:\/\/haryapproje.com\/index.php?rest_route=\/wp\/v2\/types\/page"}],"author":[{"embeddable":true,"href":"https:\/\/haryapproje.com\/index.php?rest_route=\/wp\/v2\/users\/1"}],"replies":[{"embeddable":true,"href":"https:\/\/haryapproje.com\/index.php?rest_route=%2Fwp%2Fv2%2Fcomments&post=10"}],"version-history":[{"count":15,"href":"https:\/\/haryapproje.com\/index.php?rest_route=\/wp\/v2\/pages\/10\/revisions"}],"predecessor-version":[{"id":97,"href":"https:\/\/haryapproje.com\/index.php?rest_route=\/wp\/v2\/pages\/10\/revisions\/97"}],"up":[{"embeddable":true,"href":"https:\/\/haryapproje.com\/index.php?rest_route=\/wp\/v2\/pages\/35"}],"wp:featuredmedia":[{"embeddable":true,"href":"https:\/\/haryapproje.com\/index.php?rest_route=\/wp\/v2\/media\/7"}],"wp:attachment":[{"href":"https:\/\/haryapproje.com\/index.php?rest_route=%2Fwp%2Fv2%2Fmedia&parent=10"}],"curies":[{"name":"wp","href":"https:\/\/api.w.org\/{rel}","templated":true}]}}